{"id":1504,"date":"2024-03-13T15:53:17","date_gmt":"2024-03-13T14:53:17","guid":{"rendered":"https:\/\/help4people.org\/united-for-ukraine\/"},"modified":"2024-03-20T12:51:42","modified_gmt":"2024-03-20T11:51:42","slug":"united-for-ukraine","status":"publish","type":"page","link":"https:\/\/help4people.org\/en\/united-for-ukraine\/","title":{"rendered":"United for Ukraine!"},"content":{"rendered":"<div class='root-data-givewp-embed' data-form-locale='en_US' data-form-url='https:\/\/help4people.org\/?post_type=give_forms&#038;p=1600' data-form-view-url='https:\/\/help4people.org\/en\/?givewp-route=donation-form-view&form-id=1600' data-src='https:\/\/help4people.org\/en\/?givewp-route=donation-form-view&form-id=1600' data-givewp-embed-id='give-form-shortcode-1' data-form-format='' data-open-form-button='Donate now' style='--givewp-primary-color: #69b86b; --givewp-secondary-color: #f49420;'><\/div>\n","protected":false},"excerpt":{"rendered":"","protected":false},"author":2,"featured_media":0,"parent":0,"menu_order":0,"comment_status":"closed","ping_status":"closed","template":"","meta":{"_acf_changed":false,"give_campaign_id":0,"footnotes":""},"class_list":["post-1504","page","type-page","status-publish","hentry"],"acf":[],"yoast_head":"<!-- This site is optimized with the Yoast SEO plugin v27.3 - https:\/\/yoast.com\/product\/yoast-seo-wordpress\/ -->\n<title>United for Ukraine! - Help4people<\/title>\n<meta name=\"robots\" content=\"index, follow, max-snippet:-1, max-image-preview:large, max-video-preview:-1\" \/>\n<link rel=\"canonical\" href=\"https:\/\/help4people.org\/en\/united-for-ukraine\/\" \/>\n<meta property=\"og:locale\" content=\"en_US\" \/>\n<meta property=\"og:type\" content=\"article\" \/>\n<meta property=\"og:title\" content=\"United for Ukraine! - Help4people\" \/>\n<meta property=\"og:url\" content=\"https:\/\/help4people.org\/en\/united-for-ukraine\/\" \/>\n<meta property=\"og:site_name\" content=\"Help4people\" \/>\n<meta property=\"article:publisher\" content=\"https:\/\/www.facebook.com\/FoundationHelp4People\" \/>\n<meta property=\"article:modified_time\" content=\"2024-03-20T11:51:42+00:00\" \/>\n<meta name=\"twitter:card\" content=\"summary_large_image\" \/>\n<meta name=\"twitter:label1\" content=\"Est. reading time\" \/>\n\t<meta name=\"twitter:data1\" content=\"1 minute\" \/>\n<script type=\"application\/ld+json\" class=\"yoast-schema-graph\">{\"@context\":\"https:\\\/\\\/schema.org\",\"@graph\":[{\"@type\":\"WebPage\",\"@id\":\"https:\\\/\\\/help4people.org\\\/en\\\/united-for-ukraine\\\/\",\"url\":\"https:\\\/\\\/help4people.org\\\/en\\\/united-for-ukraine\\\/\",\"name\":\"United for Ukraine! - Help4people\",\"isPartOf\":{\"@id\":\"https:\\\/\\\/help4people.org\\\/#website\"},\"datePublished\":\"2024-03-13T14:53:17+00:00\",\"dateModified\":\"2024-03-20T11:51:42+00:00\",\"breadcrumb\":{\"@id\":\"https:\\\/\\\/help4people.org\\\/en\\\/united-for-ukraine\\\/#breadcrumb\"},\"inLanguage\":\"en-US\",\"potentialAction\":[{\"@type\":\"ReadAction\",\"target\":[\"https:\\\/\\\/help4people.org\\\/en\\\/united-for-ukraine\\\/\"]}]},{\"@type\":\"BreadcrumbList\",\"@id\":\"https:\\\/\\\/help4people.org\\\/en\\\/united-for-ukraine\\\/#breadcrumb\",\"itemListElement\":[{\"@type\":\"ListItem\",\"position\":1,\"name\":\"Strona g\u0142\u00f3wna\",\"item\":\"https:\\\/\\\/help4people.org\\\/en\\\/\"},{\"@type\":\"ListItem\",\"position\":2,\"name\":\"United for Ukraine!\"}]},{\"@type\":\"WebSite\",\"@id\":\"https:\\\/\\\/help4people.org\\\/#website\",\"url\":\"https:\\\/\\\/help4people.org\\\/\",\"name\":\"Help4people\",\"description\":\"Fundacja nios\u0105ca pomoc, wsparcie i nadziej\u0119 tam, gdzie tego najbardziej potrzebuj\u0105.\",\"publisher\":{\"@id\":\"https:\\\/\\\/help4people.org\\\/#organization\"},\"potentialAction\":[{\"@type\":\"SearchAction\",\"target\":{\"@type\":\"EntryPoint\",\"urlTemplate\":\"https:\\\/\\\/help4people.org\\\/?s={search_term_string}\"},\"query-input\":{\"@type\":\"PropertyValueSpecification\",\"valueRequired\":true,\"valueName\":\"search_term_string\"}}],\"inLanguage\":\"en-US\"},{\"@type\":\"Organization\",\"@id\":\"https:\\\/\\\/help4people.org\\\/#organization\",\"name\":\"Fundacja Help4people\",\"url\":\"https:\\\/\\\/help4people.org\\\/\",\"logo\":{\"@type\":\"ImageObject\",\"inLanguage\":\"en-US\",\"@id\":\"https:\\\/\\\/help4people.org\\\/#\\\/schema\\\/logo\\\/image\\\/\",\"url\":\"https:\\\/\\\/help4people.org\\\/wp-content\\\/uploads\\\/2023\\\/10\\\/cropped-Help4people_logo_final.webp\",\"contentUrl\":\"https:\\\/\\\/help4people.org\\\/wp-content\\\/uploads\\\/2023\\\/10\\\/cropped-Help4people_logo_final.webp\",\"width\":1595,\"height\":1598,\"caption\":\"Fundacja Help4people\"},\"image\":{\"@id\":\"https:\\\/\\\/help4people.org\\\/#\\\/schema\\\/logo\\\/image\\\/\"},\"sameAs\":[\"https:\\\/\\\/www.facebook.com\\\/FoundationHelp4People\",\"https:\\\/\\\/l.facebook.com\\\/l.php?u=httpswww.instagram.comfundacjahelp4peoplefbclidIwAR3O8HWKhzL6pZjETqWI3QbXOHuuCo--Gga-ZrAIzg3Kl8raYZpFNSysDTA&h=AT1IQMqFpOEFr5AMZbeK9UheAccpAgsnuyV-7t8zA7SlZlezGQdFnw0MbGxpLjhZCWN-67X4TJydvukZt5drH8J4xuWJaJLZVRzAVlToDJDBN5OKisJCHhqzH6rbYRa5y4KB\"]}]}<\/script>\n<!-- \/ Yoast SEO plugin. -->","yoast_head_json":{"title":"United for Ukraine! - Help4people","robots":{"index":"index","follow":"follow","max-snippet":"max-snippet:-1","max-image-preview":"max-image-preview:large","max-video-preview":"max-video-preview:-1"},"canonical":"https:\/\/help4people.org\/en\/united-for-ukraine\/","og_locale":"en_US","og_type":"article","og_title":"United for Ukraine! - Help4people","og_url":"https:\/\/help4people.org\/en\/united-for-ukraine\/","og_site_name":"Help4people","article_publisher":"https:\/\/www.facebook.com\/FoundationHelp4People","article_modified_time":"2024-03-20T11:51:42+00:00","twitter_card":"summary_large_image","twitter_misc":{"Est. reading time":"1 minute"},"schema":{"@context":"https:\/\/schema.org","@graph":[{"@type":"WebPage","@id":"https:\/\/help4people.org\/en\/united-for-ukraine\/","url":"https:\/\/help4people.org\/en\/united-for-ukraine\/","name":"United for Ukraine! - Help4people","isPartOf":{"@id":"https:\/\/help4people.org\/#website"},"datePublished":"2024-03-13T14:53:17+00:00","dateModified":"2024-03-20T11:51:42+00:00","breadcrumb":{"@id":"https:\/\/help4people.org\/en\/united-for-ukraine\/#breadcrumb"},"inLanguage":"en-US","potentialAction":[{"@type":"ReadAction","target":["https:\/\/help4people.org\/en\/united-for-ukraine\/"]}]},{"@type":"BreadcrumbList","@id":"https:\/\/help4people.org\/en\/united-for-ukraine\/#breadcrumb","itemListElement":[{"@type":"ListItem","position":1,"name":"Strona g\u0142\u00f3wna","item":"https:\/\/help4people.org\/en\/"},{"@type":"ListItem","position":2,"name":"United for Ukraine!"}]},{"@type":"WebSite","@id":"https:\/\/help4people.org\/#website","url":"https:\/\/help4people.org\/","name":"Help4people","description":"Fundacja nios\u0105ca pomoc, wsparcie i nadziej\u0119 tam, gdzie tego najbardziej potrzebuj\u0105.","publisher":{"@id":"https:\/\/help4people.org\/#organization"},"potentialAction":[{"@type":"SearchAction","target":{"@type":"EntryPoint","urlTemplate":"https:\/\/help4people.org\/?s={search_term_string}"},"query-input":{"@type":"PropertyValueSpecification","valueRequired":true,"valueName":"search_term_string"}}],"inLanguage":"en-US"},{"@type":"Organization","@id":"https:\/\/help4people.org\/#organization","name":"Fundacja Help4people","url":"https:\/\/help4people.org\/","logo":{"@type":"ImageObject","inLanguage":"en-US","@id":"https:\/\/help4people.org\/#\/schema\/logo\/image\/","url":"https:\/\/help4people.org\/wp-content\/uploads\/2023\/10\/cropped-Help4people_logo_final.webp","contentUrl":"https:\/\/help4people.org\/wp-content\/uploads\/2023\/10\/cropped-Help4people_logo_final.webp","width":1595,"height":1598,"caption":"Fundacja Help4people"},"image":{"@id":"https:\/\/help4people.org\/#\/schema\/logo\/image\/"},"sameAs":["https:\/\/www.facebook.com\/FoundationHelp4People","https:\/\/l.facebook.com\/l.php?u=httpswww.instagram.comfundacjahelp4peoplefbclidIwAR3O8HWKhzL6pZjETqWI3QbXOHuuCo--Gga-ZrAIzg3Kl8raYZpFNSysDTA&h=AT1IQMqFpOEFr5AMZbeK9UheAccpAgsnuyV-7t8zA7SlZlezGQdFnw0MbGxpLjhZCWN-67X4TJydvukZt5drH8J4xuWJaJLZVRzAVlToDJDBN5OKisJCHhqzH6rbYRa5y4KB"]}]}},"campaignId":"","_links":{"self":[{"href":"https:\/\/help4people.org\/en\/wp-json\/wp\/v2\/pages\/1504","targetHints":{"allow":["GET"]}}],"collection":[{"href":"https:\/\/help4people.org\/en\/wp-json\/wp\/v2\/pages"}],"about":[{"href":"https:\/\/help4people.org\/en\/wp-json\/wp\/v2\/types\/page"}],"author":[{"embeddable":true,"href":"https:\/\/help4people.org\/en\/wp-json\/wp\/v2\/users\/2"}],"replies":[{"embeddable":true,"href":"https:\/\/help4people.org\/en\/wp-json\/wp\/v2\/comments?post=1504"}],"version-history":[{"count":7,"href":"https:\/\/help4people.org\/en\/wp-json\/wp\/v2\/pages\/1504\/revisions"}],"predecessor-version":[{"id":1608,"href":"https:\/\/help4people.org\/en\/wp-json\/wp\/v2\/pages\/1504\/revisions\/1608"}],"wp:attachment":[{"href":"https:\/\/help4people.org\/en\/wp-json\/wp\/v2\/media?parent=1504"}],"curies":[{"name":"wp","href":"https:\/\/api.w.org\/{rel}","templated":true}]}}