{"id":1863,"date":"2025-05-04T19:21:34","date_gmt":"2025-05-04T18:21:34","guid":{"rendered":"https:\/\/help4people.org\/?post_type=product&#038;p=1863"},"modified":"2025-07-07T18:42:37","modified_gmt":"2025-07-07T17:42:37","slug":"biznes-z-sercem-pakiet-zloty-miesieczny","status":"publish","type":"product","link":"https:\/\/help4people.org\/en\/kampanie\/biznes-z-sercem-pakiet-zloty-miesieczny\/","title":{"rendered":"Biznes z\u00a0Sercem \u2013 Pakiet Z\u0142oty (miesi\u0119czny)"},"content":{"rendered":"<p class=\"\" data-start=\"759\" data-end=\"880\">Rozwi\u0144 sw\u00f3j pozytywny wizerunek z Pakietem Z\u0142otym! Otrzymujesz wszystkie korzy\u015bci Pakietu Srebrnego oraz:<\/p>\n<ul data-start=\"883\" data-end=\"1023\">\n<li class=\"\" data-start=\"883\" data-end=\"943\">\n<p class=\"\" data-start=\"885\" data-end=\"943\"><strong data-start=\"885\" data-end=\"904\">Dedykowany wpis<\/strong> o Twojej firmie na stronie Fundacji,<\/p>\n<\/li>\n<li class=\"\" data-start=\"946\" data-end=\"1019\">\n<p class=\"\" data-start=\"948\" data-end=\"1019\"><strong data-start=\"948\" data-end=\"960\">Promocj\u0119<\/strong> Twojej dzia\u0142alno\u015bci w naszych kampaniach informacyjnych.<\/p>\n<\/li>\n<\/ul>\n<p class=\"\" data-start=\"1026\" data-end=\"1155\">Pokazujesz, \u017ce naprawd\u0119 zale\u017cy Ci na pomocy \u2013 Twoje wsparcie dociera do potrzebuj\u0105cych, a my opowiemy o Tobie ca\u0142ej spo\u0142eczno\u015bci.<\/p>\n","protected":false},"excerpt":{"rendered":"<p>Do\u0142\u0105cz do grona Partner\u00f3w Z\u0142otych Fundacji Help4People!<\/p>\n","protected":false},"featured_media":1914,"template":"","meta":{"_acf_changed":false,"give_campaign_id":0},"product_brand":[],"product_cat":[64],"product_tag":[],"class_list":{"0":"post-1863","1":"product","2":"type-product","3":"status-publish","4":"has-post-thumbnail","6":"product_cat-pakiety","8":"first","9":"instock","10":"virtual","11":"sold-individually","12":"purchasable","13":"product-type-subscription"},"acf":[],"yoast_head":"<!-- This site is optimized with the Yoast SEO plugin v27.4 - https:\/\/yoast.com\/product\/yoast-seo-wordpress\/ -->\n<title>Biznes z\u00a0Sercem \u2013 Pakiet Z\u0142oty (miesi\u0119czny) - Help4people<\/title>\n<meta name=\"robots\" content=\"index, follow, max-snippet:-1, max-image-preview:large, max-video-preview:-1\" \/>\n<link rel=\"canonical\" href=\"https:\/\/help4people.org\/kampanie\/biznes-z-sercem-pakiet-zloty-miesieczny\/\" \/>\n<meta property=\"og:locale\" content=\"en_US\" \/>\n<meta property=\"og:type\" content=\"article\" \/>\n<meta property=\"og:title\" content=\"Biznes z\u00a0Sercem \u2013 Pakiet Z\u0142oty (miesi\u0119czny) - Help4people\" \/>\n<meta property=\"og:description\" content=\"Do\u0142\u0105cz do grona Partner\u00f3w Z\u0142otych Fundacji Help4People!\" \/>\n<meta property=\"og:url\" content=\"https:\/\/help4people.org\/kampanie\/biznes-z-sercem-pakiet-zloty-miesieczny\/\" \/>\n<meta property=\"og:site_name\" content=\"Help4people\" \/>\n<meta property=\"article:publisher\" content=\"https:\/\/www.facebook.com\/FoundationHelp4People\" \/>\n<meta property=\"article:modified_time\" content=\"2025-07-07T17:42:37+00:00\" \/>\n<meta property=\"og:image\" content=\"https:\/\/help4people.org\/wp-content\/uploads\/2025\/06\/zloty_bzs.webp\" \/>\n\t<meta property=\"og:image:width\" content=\"1000\" \/>\n\t<meta property=\"og:image:height\" content=\"715\" \/>\n\t<meta property=\"og:image:type\" content=\"image\/webp\" \/>\n<meta name=\"twitter:card\" content=\"summary_large_image\" \/>\n<meta name=\"twitter:label1\" content=\"Est. reading time\" \/>\n\t<meta name=\"twitter:data1\" content=\"1 minute\" \/>\n<script type=\"application\/ld+json\" class=\"yoast-schema-graph\">{\"@context\":\"https:\\\/\\\/schema.org\",\"@graph\":[{\"@type\":\"WebPage\",\"@id\":\"https:\\\/\\\/help4people.org\\\/kampanie\\\/biznes-z-sercem-pakiet-zloty-miesieczny\\\/\",\"url\":\"https:\\\/\\\/help4people.org\\\/kampanie\\\/biznes-z-sercem-pakiet-zloty-miesieczny\\\/\",\"name\":\"Biznes z\u00a0Sercem \u2013 Pakiet Z\u0142oty (miesi\u0119czny) - Help4people\",\"isPartOf\":{\"@id\":\"https:\\\/\\\/help4people.org\\\/#website\"},\"primaryImageOfPage\":{\"@id\":\"https:\\\/\\\/help4people.org\\\/kampanie\\\/biznes-z-sercem-pakiet-zloty-miesieczny\\\/#primaryimage\"},\"image\":{\"@id\":\"https:\\\/\\\/help4people.org\\\/kampanie\\\/biznes-z-sercem-pakiet-zloty-miesieczny\\\/#primaryimage\"},\"thumbnailUrl\":\"https:\\\/\\\/help4people.org\\\/wp-content\\\/uploads\\\/2025\\\/06\\\/zloty_bzs.webp\",\"datePublished\":\"2025-05-04T18:21:34+00:00\",\"dateModified\":\"2025-07-07T17:42:37+00:00\",\"breadcrumb\":{\"@id\":\"https:\\\/\\\/help4people.org\\\/kampanie\\\/biznes-z-sercem-pakiet-zloty-miesieczny\\\/#breadcrumb\"},\"inLanguage\":\"en-US\",\"potentialAction\":[{\"@type\":\"ReadAction\",\"target\":[\"https:\\\/\\\/help4people.org\\\/kampanie\\\/biznes-z-sercem-pakiet-zloty-miesieczny\\\/\"]}]},{\"@type\":\"ImageObject\",\"inLanguage\":\"en-US\",\"@id\":\"https:\\\/\\\/help4people.org\\\/kampanie\\\/biznes-z-sercem-pakiet-zloty-miesieczny\\\/#primaryimage\",\"url\":\"https:\\\/\\\/help4people.org\\\/wp-content\\\/uploads\\\/2025\\\/06\\\/zloty_bzs.webp\",\"contentUrl\":\"https:\\\/\\\/help4people.org\\\/wp-content\\\/uploads\\\/2025\\\/06\\\/zloty_bzs.webp\",\"width\":1000,\"height\":715},{\"@type\":\"BreadcrumbList\",\"@id\":\"https:\\\/\\\/help4people.org\\\/kampanie\\\/biznes-z-sercem-pakiet-zloty-miesieczny\\\/#breadcrumb\",\"itemListElement\":[{\"@type\":\"ListItem\",\"position\":1,\"name\":\"Strona g\u0142\u00f3wna\",\"item\":\"https:\\\/\\\/help4people.org\\\/en\\\/\"},{\"@type\":\"ListItem\",\"position\":2,\"name\":\"Produkty\",\"item\":\"https:\\\/\\\/help4people.org\\\/shop\\\/\"},{\"@type\":\"ListItem\",\"position\":3,\"name\":\"Biznes z\u00a0Sercem \u2013 Pakiet Z\u0142oty (miesi\u0119czny)\"}]},{\"@type\":\"WebSite\",\"@id\":\"https:\\\/\\\/help4people.org\\\/#website\",\"url\":\"https:\\\/\\\/help4people.org\\\/\",\"name\":\"Help4people\",\"description\":\"Fundacja nios\u0105ca pomoc, wsparcie i nadziej\u0119 tam, gdzie tego najbardziej potrzebuj\u0105.\",\"publisher\":{\"@id\":\"https:\\\/\\\/help4people.org\\\/#organization\"},\"potentialAction\":[{\"@type\":\"SearchAction\",\"target\":{\"@type\":\"EntryPoint\",\"urlTemplate\":\"https:\\\/\\\/help4people.org\\\/?s={search_term_string}\"},\"query-input\":{\"@type\":\"PropertyValueSpecification\",\"valueRequired\":true,\"valueName\":\"search_term_string\"}}],\"inLanguage\":\"en-US\"},{\"@type\":\"Organization\",\"@id\":\"https:\\\/\\\/help4people.org\\\/#organization\",\"name\":\"Fundacja Help4people\",\"url\":\"https:\\\/\\\/help4people.org\\\/\",\"logo\":{\"@type\":\"ImageObject\",\"inLanguage\":\"en-US\",\"@id\":\"https:\\\/\\\/help4people.org\\\/#\\\/schema\\\/logo\\\/image\\\/\",\"url\":\"https:\\\/\\\/help4people.org\\\/wp-content\\\/uploads\\\/2023\\\/10\\\/cropped-Help4people_logo_final.webp\",\"contentUrl\":\"https:\\\/\\\/help4people.org\\\/wp-content\\\/uploads\\\/2023\\\/10\\\/cropped-Help4people_logo_final.webp\",\"width\":1595,\"height\":1598,\"caption\":\"Fundacja Help4people\"},\"image\":{\"@id\":\"https:\\\/\\\/help4people.org\\\/#\\\/schema\\\/logo\\\/image\\\/\"},\"sameAs\":[\"https:\\\/\\\/www.facebook.com\\\/FoundationHelp4People\",\"https:\\\/\\\/l.facebook.com\\\/l.php?u=httpswww.instagram.comfundacjahelp4peoplefbclidIwAR3O8HWKhzL6pZjETqWI3QbXOHuuCo--Gga-ZrAIzg3Kl8raYZpFNSysDTA&h=AT1IQMqFpOEFr5AMZbeK9UheAccpAgsnuyV-7t8zA7SlZlezGQdFnw0MbGxpLjhZCWN-67X4TJydvukZt5drH8J4xuWJaJLZVRzAVlToDJDBN5OKisJCHhqzH6rbYRa5y4KB\"]}]}<\/script>\n<!-- \/ Yoast SEO plugin. -->","yoast_head_json":{"title":"Biznes z\u00a0Sercem \u2013 Pakiet Z\u0142oty (miesi\u0119czny) - Help4people","robots":{"index":"index","follow":"follow","max-snippet":"max-snippet:-1","max-image-preview":"max-image-preview:large","max-video-preview":"max-video-preview:-1"},"canonical":"https:\/\/help4people.org\/kampanie\/biznes-z-sercem-pakiet-zloty-miesieczny\/","og_locale":"en_US","og_type":"article","og_title":"Biznes z\u00a0Sercem \u2013 Pakiet Z\u0142oty (miesi\u0119czny) - Help4people","og_description":"Do\u0142\u0105cz do grona Partner\u00f3w Z\u0142otych Fundacji Help4People!","og_url":"https:\/\/help4people.org\/kampanie\/biznes-z-sercem-pakiet-zloty-miesieczny\/","og_site_name":"Help4people","article_publisher":"https:\/\/www.facebook.com\/FoundationHelp4People","article_modified_time":"2025-07-07T17:42:37+00:00","og_image":[{"width":1000,"height":715,"url":"https:\/\/help4people.org\/wp-content\/uploads\/2025\/06\/zloty_bzs.webp","type":"image\/webp"}],"twitter_card":"summary_large_image","twitter_misc":{"Est. reading time":"1 minute"},"schema":{"@context":"https:\/\/schema.org","@graph":[{"@type":"WebPage","@id":"https:\/\/help4people.org\/kampanie\/biznes-z-sercem-pakiet-zloty-miesieczny\/","url":"https:\/\/help4people.org\/kampanie\/biznes-z-sercem-pakiet-zloty-miesieczny\/","name":"Biznes z\u00a0Sercem \u2013 Pakiet Z\u0142oty (miesi\u0119czny) - Help4people","isPartOf":{"@id":"https:\/\/help4people.org\/#website"},"primaryImageOfPage":{"@id":"https:\/\/help4people.org\/kampanie\/biznes-z-sercem-pakiet-zloty-miesieczny\/#primaryimage"},"image":{"@id":"https:\/\/help4people.org\/kampanie\/biznes-z-sercem-pakiet-zloty-miesieczny\/#primaryimage"},"thumbnailUrl":"https:\/\/help4people.org\/wp-content\/uploads\/2025\/06\/zloty_bzs.webp","datePublished":"2025-05-04T18:21:34+00:00","dateModified":"2025-07-07T17:42:37+00:00","breadcrumb":{"@id":"https:\/\/help4people.org\/kampanie\/biznes-z-sercem-pakiet-zloty-miesieczny\/#breadcrumb"},"inLanguage":"en-US","potentialAction":[{"@type":"ReadAction","target":["https:\/\/help4people.org\/kampanie\/biznes-z-sercem-pakiet-zloty-miesieczny\/"]}]},{"@type":"ImageObject","inLanguage":"en-US","@id":"https:\/\/help4people.org\/kampanie\/biznes-z-sercem-pakiet-zloty-miesieczny\/#primaryimage","url":"https:\/\/help4people.org\/wp-content\/uploads\/2025\/06\/zloty_bzs.webp","contentUrl":"https:\/\/help4people.org\/wp-content\/uploads\/2025\/06\/zloty_bzs.webp","width":1000,"height":715},{"@type":"BreadcrumbList","@id":"https:\/\/help4people.org\/kampanie\/biznes-z-sercem-pakiet-zloty-miesieczny\/#breadcrumb","itemListElement":[{"@type":"ListItem","position":1,"name":"Strona g\u0142\u00f3wna","item":"https:\/\/help4people.org\/en\/"},{"@type":"ListItem","position":2,"name":"Produkty","item":"https:\/\/help4people.org\/shop\/"},{"@type":"ListItem","position":3,"name":"Biznes z\u00a0Sercem \u2013 Pakiet Z\u0142oty (miesi\u0119czny)"}]},{"@type":"WebSite","@id":"https:\/\/help4people.org\/#website","url":"https:\/\/help4people.org\/","name":"Help4people","description":"Fundacja nios\u0105ca pomoc, wsparcie i nadziej\u0119 tam, gdzie tego najbardziej potrzebuj\u0105.","publisher":{"@id":"https:\/\/help4people.org\/#organization"},"potentialAction":[{"@type":"SearchAction","target":{"@type":"EntryPoint","urlTemplate":"https:\/\/help4people.org\/?s={search_term_string}"},"query-input":{"@type":"PropertyValueSpecification","valueRequired":true,"valueName":"search_term_string"}}],"inLanguage":"en-US"},{"@type":"Organization","@id":"https:\/\/help4people.org\/#organization","name":"Fundacja Help4people","url":"https:\/\/help4people.org\/","logo":{"@type":"ImageObject","inLanguage":"en-US","@id":"https:\/\/help4people.org\/#\/schema\/logo\/image\/","url":"https:\/\/help4people.org\/wp-content\/uploads\/2023\/10\/cropped-Help4people_logo_final.webp","contentUrl":"https:\/\/help4people.org\/wp-content\/uploads\/2023\/10\/cropped-Help4people_logo_final.webp","width":1595,"height":1598,"caption":"Fundacja Help4people"},"image":{"@id":"https:\/\/help4people.org\/#\/schema\/logo\/image\/"},"sameAs":["https:\/\/www.facebook.com\/FoundationHelp4People","https:\/\/l.facebook.com\/l.php?u=httpswww.instagram.comfundacjahelp4peoplefbclidIwAR3O8HWKhzL6pZjETqWI3QbXOHuuCo--Gga-ZrAIzg3Kl8raYZpFNSysDTA&h=AT1IQMqFpOEFr5AMZbeK9UheAccpAgsnuyV-7t8zA7SlZlezGQdFnw0MbGxpLjhZCWN-67X4TJydvukZt5drH8J4xuWJaJLZVRzAVlToDJDBN5OKisJCHhqzH6rbYRa5y4KB"]}]}},"_links":{"self":[{"href":"https:\/\/help4people.org\/en\/wp-json\/wp\/v2\/product\/1863","targetHints":{"allow":["GET"]}}],"collection":[{"href":"https:\/\/help4people.org\/en\/wp-json\/wp\/v2\/product"}],"about":[{"href":"https:\/\/help4people.org\/en\/wp-json\/wp\/v2\/types\/product"}],"version-history":[{"count":5,"href":"https:\/\/help4people.org\/en\/wp-json\/wp\/v2\/product\/1863\/revisions"}],"predecessor-version":[{"id":2197,"href":"https:\/\/help4people.org\/en\/wp-json\/wp\/v2\/product\/1863\/revisions\/2197"}],"wp:featuredmedia":[{"embeddable":true,"href":"https:\/\/help4people.org\/en\/wp-json\/wp\/v2\/media\/1914"}],"wp:attachment":[{"href":"https:\/\/help4people.org\/en\/wp-json\/wp\/v2\/media?parent=1863"}],"wp:term":[{"taxonomy":"product_brand","embeddable":true,"href":"https:\/\/help4people.org\/en\/wp-json\/wp\/v2\/product_brand?post=1863"},{"taxonomy":"product_cat","embeddable":true,"href":"https:\/\/help4people.org\/en\/wp-json\/wp\/v2\/product_cat?post=1863"},{"taxonomy":"product_tag","embeddable":true,"href":"https:\/\/help4people.org\/en\/wp-json\/wp\/v2\/product_tag?post=1863"}],"curies":[{"name":"wp","href":"https:\/\/api.w.org\/{rel}","templated":true}]}}